{"id":263,"date":"2025-01-18T10:22:01","date_gmt":"2025-01-18T13:22:01","guid":{"rendered":"https:\/\/rmcmariano.com\/?page_id=263"},"modified":"2025-02-04T11:50:44","modified_gmt":"2025-02-04T14:50:44","slug":"historia","status":"publish","type":"page","link":"https:\/\/rmcmariano.com\/index.php\/historia\/","title":{"rendered":"Hist\u00f3ria"},"content":{"rendered":"\n<p class=\"has-text-align-left\"><br><br><strong>                                                                                                      Nossa Hist\u00f3ria <\/strong><br>Em mar\u00e7o de 1992, Ros\u00e2ngela Mariano recebeu uma proposta que mudaria sua vida, uma oferta especial de uma amiga. Com o apoio de seu esposo, ela decidiu iniciar a negocia\u00e7\u00e3o para comprar uma franquia das lojas O Botic\u00e1rio. Com f\u00e9 inabal\u00e1vel, Ros\u00e2ngela entregou seus sonhos nas m\u00e3os de Deus, pedindo que Ele abrisse o caminho para que ela pudesse realizar aquele desejo t\u00e3o profundo.<\/p>\n\n\n\n<p>Embora em fevereiro de 1993 tenha explorado outras op\u00e7\u00f5es de franquias, algo dentro de seu cora\u00e7\u00e3o dizia que O Botic\u00e1rio era o seu destino. Aquele era o sonho que ela estava destinada a conquistar. Ent\u00e3o, em mar\u00e7o de 1993, com o apoio fundamental de seu sogro, Ros\u00e2ngela concretizou sua decis\u00e3o e comprou as lojas localizadas nas ruas Simpl\u00edcio e Get\u00falio.<\/p>\n\n\n\n<p>A partir desse momento, come\u00e7ou uma jornada de dedica\u00e7\u00e3o e trabalho \u00e1rduo. Com paix\u00e3o e perseveran\u00e7a, Ros\u00e2ngela n\u00e3o s\u00f3 fez crescer as lojas que adquiriu, mas tamb\u00e9m expandiu o neg\u00f3cio, abrindo novas unidades e consolidando a marca RMC Mariano. Seu esfor\u00e7o, vis\u00e3o e f\u00e9 transformaram um sonho em realidade, e ela se tornou um exemplo de for\u00e7a, coragem e determina\u00e7\u00e3o. O que come\u00e7ou com um simples desejo se transformou em uma hist\u00f3ria de sucesso e supera\u00e7\u00e3o que continua a inspirar a todos ao seu redor.<\/p>\n","protected":false},"excerpt":{"rendered":"<p>Nossa Hist\u00f3ria Em mar\u00e7o de 1992, Ros\u00e2ngela Mariano recebeu uma proposta que mudaria sua vida, uma oferta especial de uma amiga. Com o apoio de seu esposo, ela decidiu iniciar a negocia\u00e7\u00e3o para comprar uma franquia das lojas O Botic\u00e1rio. Com f\u00e9 inabal\u00e1vel, Ros\u00e2ngela entregou seus sonhos nas m\u00e3os de Deus, pedindo que Ele abrisse [&hellip;]<\/p>\n","protected":false},"author":3,"featured_media":0,"parent":0,"menu_order":0,"comment_status":"closed","ping_status":"closed","template":"","meta":{"saved_in_kubio":true,"footnotes":""},"class_list":["post-263","page","type-page","status-publish","hentry"],"kubio_ai_page_context":{"short_desc":"","purpose":"general"},"_links":{"self":[{"href":"https:\/\/rmcmariano.com\/index.php\/wp-json\/wp\/v2\/pages\/263","targetHints":{"allow":["GET"]}}],"collection":[{"href":"https:\/\/rmcmariano.com\/index.php\/wp-json\/wp\/v2\/pages"}],"about":[{"href":"https:\/\/rmcmariano.com\/index.php\/wp-json\/wp\/v2\/types\/page"}],"author":[{"embeddable":true,"href":"https:\/\/rmcmariano.com\/index.php\/wp-json\/wp\/v2\/users\/3"}],"replies":[{"embeddable":true,"href":"https:\/\/rmcmariano.com\/index.php\/wp-json\/wp\/v2\/comments?post=263"}],"version-history":[{"count":2,"href":"https:\/\/rmcmariano.com\/index.php\/wp-json\/wp\/v2\/pages\/263\/revisions"}],"predecessor-version":[{"id":394,"href":"https:\/\/rmcmariano.com\/index.php\/wp-json\/wp\/v2\/pages\/263\/revisions\/394"}],"wp:attachment":[{"href":"https:\/\/rmcmariano.com\/index.php\/wp-json\/wp\/v2\/media?parent=263"}],"curies":[{"name":"wp","href":"https:\/\/api.w.org\/{rel}","templated":true}]}}